{"id":4524,"date":"2020-02-12T21:43:40","date_gmt":"2020-02-12T20:43:40","guid":{"rendered":"https:\/\/www.fit-n-ess.com\/?page_id=4524"},"modified":"2021-04-06T13:49:54","modified_gmt":"2021-04-06T12:49:54","slug":"fuer-kitas-spannende-projekte-fuer-die-ganze-einrichtung","status":"publish","type":"page","link":"https:\/\/www.fit-n-ess.com\/index.php\/fuer-kitas-spannende-projekte-fuer-die-ganze-einrichtung\/","title":{"rendered":"F\u00fcr Kitas und Schulen"},"content":{"rendered":"\n<p>Offiziell hei\u00dft es &#8220;Gesundheitsf\u00f6rderung und Pr\u00e4vention in Lebenswelten nach \u00a7 20a SGB V&#8221;. <\/p>\n\n\n\n<p>F\u00fcr die Eltern bedeutet es mehr Sicherheit und Teilhabe am gesunden Gro\u00dfwerden Ihrer wertvollsten Sch\u00e4tze- Ihrer Kinder. <\/p>\n\n\n\n<p>F\u00fcr die gesamte Einrichtung bedeutet es einen entscheidenden Schritt in Richtung nachhaltig gesunde Kita oder Schule.<\/p>\n\n\n\n<p>F\u00fcr die Kleinen bedeutet es vor allem spannende Projekttage, tolle Sinneserlebnisse und ganz viel Spa\u00df und Ausprobieren mit den Themen Ern\u00e4hrung und Lebensmittel.<\/p>\n\n\n\n<p>Interesse geweckt? Mehr Informationen teile ich gerne im<a href=\"http:\/\/fit-n-ess.com\/index.php\/kontakt\/\"> pers\u00f6nlichen Gespr\u00e4ch<\/a>.<\/p>\n\n\n\n<figure class=\"wp-block-image\"><img decoding=\"async\" loading=\"lazy\" width=\"1024\" height=\"1024\" src=\"http:\/\/fit-n-ess.com\/wp-content\/uploads\/2020\/02\/img1581531980818-1024x1024.jpg\" alt=\"\" class=\"wp-image-4526\" srcset=\"https:\/\/www.fit-n-ess.com\/wp-content\/uploads\/2020\/02\/img1581531980818-1024x1024.jpg 1024w, https:\/\/www.fit-n-ess.com\/wp-content\/uploads\/2020\/02\/img1581531980818-150x150.jpg 150w, https:\/\/www.fit-n-ess.com\/wp-content\/uploads\/2020\/02\/img1581531980818-300x300.jpg 300w, https:\/\/www.fit-n-ess.com\/wp-content\/uploads\/2020\/02\/img1581531980818-768x768.jpg 768w, https:\/\/www.fit-n-ess.com\/wp-content\/uploads\/2020\/02\/img1581531980818.jpg 2048w\" sizes=\"(max-width: 1024px) 100vw, 1024px\" \/><\/figure>\n\n\n\n<p><\/p>\n","protected":false},"excerpt":{"rendered":"<p>Spannende Projekte f\u00fcr die ganze Einrichtung. Ern\u00e4hrungsbildung, die Spa\u00df macht und wirkt!<\/p>\n","protected":false},"author":1,"featured_media":4525,"parent":0,"menu_order":0,"comment_status":"closed","ping_status":"closed","template":"","meta":[],"_links":{"self":[{"href":"https:\/\/www.fit-n-ess.com\/index.php\/wp-json\/wp\/v2\/pages\/4524"}],"collection":[{"href":"https:\/\/www.fit-n-ess.com\/index.php\/wp-json\/wp\/v2\/pages"}],"about":[{"href":"https:\/\/www.fit-n-ess.com\/index.php\/wp-json\/wp\/v2\/types\/page"}],"author":[{"embeddable":true,"href":"https:\/\/www.fit-n-ess.com\/index.php\/wp-json\/wp\/v2\/users\/1"}],"replies":[{"embeddable":true,"href":"https:\/\/www.fit-n-ess.com\/index.php\/wp-json\/wp\/v2\/comments?post=4524"}],"version-history":[{"count":3,"href":"https:\/\/www.fit-n-ess.com\/index.php\/wp-json\/wp\/v2\/pages\/4524\/revisions"}],"predecessor-version":[{"id":8943,"href":"https:\/\/www.fit-n-ess.com\/index.php\/wp-json\/wp\/v2\/pages\/4524\/revisions\/8943"}],"wp:featuredmedia":[{"embeddable":true,"href":"https:\/\/www.fit-n-ess.com\/index.php\/wp-json\/wp\/v2\/media\/4525"}],"wp:attachment":[{"href":"https:\/\/www.fit-n-ess.com\/index.php\/wp-json\/wp\/v2\/media?parent=4524"}],"curies":[{"name":"wp","href":"https:\/\/api.w.org\/{rel}","templated":true}]}}