{"id":427,"date":"2018-12-05T22:09:29","date_gmt":"2018-12-05T21:09:29","guid":{"rendered":"https:\/\/www.fit-n-ess.com\/?page_id=427"},"modified":"2018-12-05T22:09:29","modified_gmt":"2018-12-05T21:09:29","slug":"ueber-mich","status":"publish","type":"page","link":"https:\/\/www.fit-n-ess.com\/index.php\/ueber-mich\/","title":{"rendered":"\u00dcber mich"},"content":{"rendered":"<p>Lasst&#8217; mich Euch kurz vorstellen:<\/p>\n<p>Mein Name ist <strong>Maike Sophie Pfahl<\/strong>. Ich habe den <strong>Master in Ern\u00e4hrungswissenschaften<\/strong> an der Justus-Liebig-Universit\u00e4t in Giessen im Jahre 2010 abgeschlossen. Bereits zwei Jahre sp\u00e4ter habe ich mich im Nebenberuf als <strong>Ern\u00e4hrungsberaterin<\/strong> selbst\u00e4ndig gemacht. Seit Oktober 2013 besitze ich hierf\u00fcr das<a href=\"http:\/\/fit-n-ess.com\/index.php\/neues-zertifikat-ernaehrungsberaterin-vdoe-bis-2019\/\"><span style=\"color: #339966;\"><strong> &#8220;Zertifikat Ern\u00e4hrungsberaterin VDOe&#8221;<\/strong><\/span><\/a>, um durch stetige Weiterbildungen eine hohe Beratungsqualit\u00e4t zu gew\u00e4hrleisten und immer auf dem neusten Stand der Wissenschaft zu bleiben.<\/p>\n<p>Auch in meinen privaten Umfeld l\u00e4sst mich dieses Thema nicht los. Ob <strong>Food Trends<\/strong> oder <strong>alternative Ern\u00e4hrungsformen<\/strong> &#8211; Ich experimentiere gerne am Herd! In den Sommermonaten werde ich zur begeisterten Balkong\u00e4rtnerin, um meine kulinarischen Kreationen durch selbstgezogene Erzeugnisse aufzupeppen. Und ich bin gerne in <strong>Bewegung<\/strong>: Beim Boarden im Neuschnee in den Bergen, schwimmend im Freibad oder den nahegelegenen Seen, laufend durch W\u00e4lder oder beim Sight-Jogging w\u00e4hrend meiner Seminare &#8211; motivieren brauche ich mich f\u00fcr Aktivit\u00e4ten an der frischen Luft nicht.<\/p>\n<p>Ebenso gerne esse ich. Vielleicht steht <strong>Essen<\/strong> sogar <strong>an erster Stelle<\/strong> meiner liebsten Aktivit\u00e4ten. Aber ist das verwunderlich? Hierbei geht es mir wie Milliarden Menschen auf der Welt: Nichts machen wir schon so lange, wie uns zu ern\u00e4hren. Es wird uns praktisch mit der Muttermilch in die Wiege gelegt. Wir verbringen gro\u00dfe Teile unseres Lebens damit, Nahrung zu besorgen, zu verspeisen, zu verdienen und manchmal auch wieder &#8220;loszuwerden&#8221;. Unsere Nahrung ist unser Treibstoff und letztendlich die Basis unserer K\u00f6rpers: Alles aus dem wir bestehen, haben wir uns letztlich einmal \u00fcber unsere Nahrung zugef\u00fchrt. Da ist es nur logisch, dass wir uns nur das Beste vom Bestem g\u00f6nnen sollten, denn wir werden lange in unserem K\u00f6rper leben.<\/p>\n<p>Doch wie gelingt es uns das \u201cBeste vom Besten\u201c in der heutigen Zeit zu unterscheiden, zwischen Di\u00e4twahnsinn, Novel Foods und Fleischwursttheke? Kann mir eine gute Ern\u00e4hrungsberatung helfen?<\/p>\n<p>Einige Antworten hierauf findet ihr auf meinem <strong><a href=\"http:\/\/fit-n-ess.com\/index.php\/blog\/\">Blog<\/a>!<\/strong><\/p>\n<p>oder nat\u00fcrlich in einem <span style=\"color: #000000;\"><a style=\"color: #000000;\" href=\"http:\/\/fit-n-ess.com\/index.php\/kontakt\/\"><strong>pers\u00f6nlichen Beratungsgespr\u00e4ch<\/strong><\/a><\/span>. Denn ich biete pers\u00f6nliche, <strong><span style=\"color: #339966;\">durch die Krankenkassen bezuschusste<\/span><\/strong>, <span style=\"color: #008000;\"><strong>Ern\u00e4hrungsberatung in Alfeld, Hildesheim und Umgebung<\/strong> <\/span>an.<\/p>\n<p>Seid gespannt, ich freu&#8217; mich drauf!<\/p>\n<p>&nbsp;<\/p>\n<p>Bis dahin, frische Gr\u00fc\u00dfe<\/p>\n<p>Eure Maike<\/p>\n","protected":false},"excerpt":{"rendered":"<p>Lasst&#8217; mich Euch kurz vorstellen: Mein Name ist Maike Sophie Pfahl. Ich habe den Master in Ern\u00e4hrungswissenschaften an der Justus-Liebig-Universit\u00e4t in Giessen im Jahre 2010 abgeschlossen. Bereits zwei Jahre sp\u00e4ter habe ich mich im Nebenberuf als Ern\u00e4hrungsberaterin selbst\u00e4ndig gemacht. Seit Oktober 2013 besitze ich hierf\u00fcr das &#8220;Zertifikat Ern\u00e4hrungsberaterin VDOe&#8221;, um&#8230;<\/p>\n","protected":false},"author":1,"featured_media":0,"parent":0,"menu_order":0,"comment_status":"closed","ping_status":"closed","template":"","meta":[],"_links":{"self":[{"href":"https:\/\/www.fit-n-ess.com\/index.php\/wp-json\/wp\/v2\/pages\/427"}],"collection":[{"href":"https:\/\/www.fit-n-ess.com\/index.php\/wp-json\/wp\/v2\/pages"}],"about":[{"href":"https:\/\/www.fit-n-ess.com\/index.php\/wp-json\/wp\/v2\/types\/page"}],"author":[{"embeddable":true,"href":"https:\/\/www.fit-n-ess.com\/index.php\/wp-json\/wp\/v2\/users\/1"}],"replies":[{"embeddable":true,"href":"https:\/\/www.fit-n-ess.com\/index.php\/wp-json\/wp\/v2\/comments?post=427"}],"version-history":[{"count":1,"href":"https:\/\/www.fit-n-ess.com\/index.php\/wp-json\/wp\/v2\/pages\/427\/revisions"}],"predecessor-version":[{"id":428,"href":"https:\/\/www.fit-n-ess.com\/index.php\/wp-json\/wp\/v2\/pages\/427\/revisions\/428"}],"wp:attachment":[{"href":"https:\/\/www.fit-n-ess.com\/index.php\/wp-json\/wp\/v2\/media?parent=427"}],"curies":[{"name":"wp","href":"https:\/\/api.w.org\/{rel}","templated":true}]}}