{"id":33,"date":"2015-06-01T21:17:25","date_gmt":"2015-06-01T21:17:25","guid":{"rendered":"http:\/\/fit-n-ess_com.binteract.com\/?page_id=33"},"modified":"2021-04-06T12:16:13","modified_gmt":"2021-04-06T11:16:13","slug":"impressum","status":"publish","type":"page","link":"https:\/\/www.fit-n-ess.com\/index.php\/impressum\/","title":{"rendered":"Impressum"},"content":{"rendered":"<h2><\/h2>\n<h2>Angaben gem\u00e4\u00df \u00a7 5 TMG:<\/h2>\n<p>Maike Sophie Pfahl<br \/>\nErn\u00e4hrungsberatung<br \/>\nKrimpeweg 4<br \/>\n31061 Alfeld<\/p>\n<h6>Mitglied bei <a href=\"https:\/\/www.ernaehrungs-therapie.net\">Ern\u00e4hrungs-Therapie.net<\/a> &#8211; personalisierte Online-Ern\u00e4hrungsberatung<\/h6>\n<h2>Kontakt:<\/h2>\n<table>\n<tbody>\n<tr>\n<td>Telefon:<\/td>\n<td>01739529577<\/td>\n<\/tr>\n<tr>\n<td>E-Mail:<\/td>\n<td>maike.s.pfahl@gmail.com<\/td>\n<\/tr>\n<\/tbody>\n<\/table>\n<p>Quelle: <em><a href=\"https:\/\/www.e-recht24.de\">https:\/\/www.e-recht24.de<\/a><\/em><\/p>\n<h2><\/h2>\n<h2>Haftungsausschluss (Disclaimer)<\/h2>\n<h4>Haftung f\u00fcr Inhalte<\/h4>\n<p>Als Diensteanbieter sind wir gem\u00e4\u00df \u00a7 7 Abs.1 TMG f\u00fcr eigene Inhalte auf diesen Seiten nach den allgemeinen Gesetzen verantwortlich. Nach \u00a7\u00a7 8 bis 10 TMG sind wir als Diensteanbieter jedoch nicht verpflichtet, \u00fcbermittelte oder gespeicherte fremde Informationen zu \u00fcberwachen oder nach Umst\u00e4nden zu forschen, die auf eine rechtswidrige T\u00e4tigkeit hinweisen.<\/p>\n<p>Verpflichtungen zur Entfernung oder Sperrung der Nutzung von Informationen nach den allgemeinen Gesetzen bleiben hiervon unber\u00fchrt. Eine diesbez\u00fcgliche Haftung ist jedoch erst ab dem Zeitpunkt der Kenntnis einer konkreten Rechtsverletzung m\u00f6glich. Bei Bekanntwerden von entsprechenden Rechtsverletzungen werden wir diese Inhalte umgehend entfernen.<\/p>\n<h4>Haftung f\u00fcr Links<\/h4>\n<p>Unser Angebot enth\u00e4lt Links zu externen Webseiten Dritter, auf deren Inhalte wir keinen Einfluss haben. Deshalb k\u00f6nnen wir f\u00fcr diese fremden Inhalte auch keine Gew\u00e4hr \u00fcbernehmen. F\u00fcr die Inhalte der verlinkten Seiten ist stets der jeweilige Anbieter oder Betreiber der Seiten verantwortlich. Die verlinkten Seiten wurden zum Zeitpunkt der Verlinkung auf m\u00f6gliche Rechtsverst\u00f6\u00dfe \u00fcberpr\u00fcft. Rechtswidrige Inhalte waren zum Zeitpunkt der Verlinkung nicht erkennbar.<\/p>\n<p>Eine permanente inhaltliche Kontrolle der verlinkten Seiten ist jedoch ohne konkrete Anhaltspunkte einer Rechtsverletzung nicht zumutbar. Bei Bekanntwerden von Rechtsverletzungen werden wir derartige Links umgehend entfernen.<\/p>\n<h4>Urheberrecht<\/h4>\n<p>Die durch die Seitenbetreiber erstellten Inhalte und Werke auf diesen Seiten unterliegen dem deutschen Urheberrecht. Die Vervielf\u00e4ltigung, Bearbeitung, Verbreitung und jede Art der Verwertung au\u00dferhalb der Grenzen des Urheberrechtes bed\u00fcrfen der schriftlichen Zustimmung des jeweiligen Autors bzw. Erstellers. Downloads und Kopien dieser Seite sind nur f\u00fcr den privaten, nicht kommerziellen Gebrauch gestattet.<\/p>\n<p>Soweit die Inhalte auf dieser Seite nicht vom Betreiber erstellt wurden, werden die Urheberrechte Dritter beachtet. Insbesondere werden Inhalte Dritter als solche gekennzeichnet. Sollten Sie trotzdem auf eine Urheberrechtsverletzung aufmerksam werden, bitten wir um einen entsprechenden Hinweis. Bei Bekanntwerden von Rechtsverletzungen werden wir derartige Inhalte umgehend entfernen.<\/p>\n<h4>Bildnachweise<\/h4>\n<p>79330536 \u00a9 seralex \u2013 Fotolia.com<br \/>\n77325978 \u00a9 seralex \u2013 Fotolia.com<br \/>\n15196613 \u00a9 NataliTerr \u2013 Fotolia.com<br \/>\n61616175 \u00a9 svetaorlova \u2013 Fotolia.com<br \/>\n69723799 \u00a9 pikselstock \u2013 Fotolia.com<br \/>\n80400797 \u00a9 kzdanowska \u2013 Fotolia.com<br \/>\n94497171 \u00a9 adrian_ilile825 \u2013 Fotolia.com<br \/>\n99840984 \u00a9 Jamrooferpix \u2013 Fotolia.com<br \/>\n102417973 \u00a9 anaumenko \u2013 Fotolia.com<br \/>\n10132227 \u00a9 Ralf Kalytta \u2013 Fotolia.com<br \/>\n115612777 \u00a9 Trueffelpix \u2013 Fotolia.com<br \/>\n27596777 \u00a9 detailblick-foto \u2013 Fotolia.com<\/p>\n","protected":false},"excerpt":{"rendered":"<p>Angaben gem\u00e4\u00df \u00a7 5 TMG: Maike Sophie Pfahl Ern\u00e4hrungsberatung Krimpeweg 4 31061 Alfeld Mitglied bei Ern\u00e4hrungs-Therapie.net &#8211; personalisierte Online-Ern\u00e4hrungsberatung Kontakt: Telefon: 01739529577 E-Mail: maike.s.pfahl@gmail.com Quelle: https:\/\/www.e-recht24.de Haftungsausschluss (Disclaimer) Haftung f\u00fcr Inhalte Als Diensteanbieter sind wir gem\u00e4\u00df \u00a7 7 Abs.1 TMG f\u00fcr eigene Inhalte auf diesen Seiten nach den allgemeinen Gesetzen&#8230;<\/p>\n","protected":false},"author":1,"featured_media":0,"parent":0,"menu_order":6,"comment_status":"open","ping_status":"open","template":"","meta":[],"_links":{"self":[{"href":"https:\/\/www.fit-n-ess.com\/index.php\/wp-json\/wp\/v2\/pages\/33"}],"collection":[{"href":"https:\/\/www.fit-n-ess.com\/index.php\/wp-json\/wp\/v2\/pages"}],"about":[{"href":"https:\/\/www.fit-n-ess.com\/index.php\/wp-json\/wp\/v2\/types\/page"}],"author":[{"embeddable":true,"href":"https:\/\/www.fit-n-ess.com\/index.php\/wp-json\/wp\/v2\/users\/1"}],"replies":[{"embeddable":true,"href":"https:\/\/www.fit-n-ess.com\/index.php\/wp-json\/wp\/v2\/comments?post=33"}],"version-history":[{"count":26,"href":"https:\/\/www.fit-n-ess.com\/index.php\/wp-json\/wp\/v2\/pages\/33\/revisions"}],"predecessor-version":[{"id":8908,"href":"https:\/\/www.fit-n-ess.com\/index.php\/wp-json\/wp\/v2\/pages\/33\/revisions\/8908"}],"wp:attachment":[{"href":"https:\/\/www.fit-n-ess.com\/index.php\/wp-json\/wp\/v2\/media?parent=33"}],"curies":[{"name":"wp","href":"https:\/\/api.w.org\/{rel}","templated":true}]}}